{"id":238,"date":"2026-03-18T02:41:45","date_gmt":"2026-03-18T02:41:45","guid":{"rendered":"https:\/\/grupodeofertas.link\/?page_id=238"},"modified":"2026-04-12T11:30:13","modified_gmt":"2026-04-12T11:30:13","slug":"grupo-1","status":"publish","type":"page","link":"https:\/\/grupodeofertas.link\/?page_id=238","title":{"rendered":"Grupo 1"},"content":{"rendered":"\t\t<div data-elementor-type=\"wp-page\" data-elementor-id=\"238\" class=\"elementor elementor-238\">\n\t\t\t\t<div class=\"elementor-element elementor-element-593e99b e-flex e-con-boxed e-con e-parent\" data-id=\"593e99b\" data-element_type=\"container\" data-e-type=\"container\" data-settings=\"{&quot;background_background&quot;:&quot;classic&quot;}\">\n\t\t\t\t\t<div class=\"e-con-inner\">\n\t\t\t\t<div class=\"elementor-element elementor-element-fe0c09b elementor-widget elementor-widget-heading\" data-id=\"fe0c09b\" data-element_type=\"widget\" data-e-type=\"widget\" data-widget_type=\"heading.default\">\n\t\t\t\t\t<h2 class=\"elementor-heading-title elementor-size-default\">O Melhor Grupo de promo\u00e7\u00f5es para Voc\u00ea economizar muito \ud83d\udecd\ufe0f<\/h2>\t\t\t\t<\/div>\n\t\t\t\t<div class=\"elementor-element elementor-element-b152421 elementor-widget elementor-widget-image\" data-id=\"b152421\" data-element_type=\"widget\" data-e-type=\"widget\" data-widget_type=\"image.default\">\n\t\t\t\t\t\t\t\t\t\t\t\t\t\t\t<img fetchpriority=\"high\" decoding=\"async\" width=\"420\" height=\"416\" src=\"https:\/\/grupodeofertas.link\/wp-content\/uploads\/2026\/03\/2-fotos-2.jpeg\" class=\"attachment-large size-large wp-image-133\" alt=\"\" srcset=\"https:\/\/grupodeofertas.link\/wp-content\/uploads\/2026\/03\/2-fotos-2.jpeg 420w, https:\/\/grupodeofertas.link\/wp-content\/uploads\/2026\/03\/2-fotos-2-300x297.jpeg 300w, https:\/\/grupodeofertas.link\/wp-content\/uploads\/2026\/03\/2-fotos-2-150x150.jpeg 150w\" sizes=\"(max-width: 420px) 100vw, 420px\" \/>\t\t\t\t\t\t\t\t\t\t\t\t\t\t\t<\/div>\n\t\t\t\t<div class=\"elementor-element elementor-element-bbf4897 elementor-widget elementor-widget-text-editor\" data-id=\"bbf4897\" data-element_type=\"widget\" data-e-type=\"widget\" data-widget_type=\"text-editor.default\">\n\t\t\t\t\t\t\t\t\t<p>Entre no Grupo Vip e receba\u00a0 Cupons Exclusivos \u2764\ufe0f\u200d\ud83d\udd25\ud83d\ude0d<\/p>\t\t\t\t\t\t\t\t<\/div>\n\t\t\t\t<div class=\"elementor-element elementor-element-219e071 elementor-mobile-align-center elementor-widget elementor-widget-button\" data-id=\"219e071\" data-element_type=\"widget\" data-e-type=\"widget\" data-widget_type=\"button.default\">\n\t\t\t\t\t\t\t\t\t\t<a class=\"elementor-button elementor-button-link elementor-size-sm\" href=\"https:\/\/chat.whatsapp.com\/GbunbRHzhfMIKh90fVeffW?mode=gi_t\">\n\t\t\t\t\t\t<span class=\"elementor-button-content-wrapper\">\n\t\t\t\t\t\t\t\t\t<span class=\"elementor-button-text\">Clique aqui para Entrar <\/span>\n\t\t\t\t\t<\/span>\n\t\t\t\t\t<\/a>\n\t\t\t\t\t\t\t\t<\/div>\n\t\t\t\t\t<\/div>\n\t\t\t\t<\/div>\n\t\t\t\t<\/div>\n\t\t","protected":false},"excerpt":{"rendered":"<p>O Melhor Grupo de promo\u00e7\u00f5es para Voc\u00ea economizar muito \ud83d\udecd\ufe0f Entre no Grupo Vip e receba\u00a0 Cupons Exclusivos \u2764\ufe0f\u200d\ud83d\udd25\ud83d\ude0d Clique aqui para Entrar<\/p>\n","protected":false},"author":1,"featured_media":0,"parent":0,"menu_order":0,"comment_status":"closed","ping_status":"closed","template":"elementor_canvas","meta":{"footnotes":""},"class_list":["post-238","page","type-page","status-publish","hentry"],"_hostinger_reach_plugin_has_subscription_block":false,"_hostinger_reach_plugin_is_elementor":false,"_links":{"self":[{"href":"https:\/\/grupodeofertas.link\/index.php?rest_route=\/wp\/v2\/pages\/238","targetHints":{"allow":["GET"]}}],"collection":[{"href":"https:\/\/grupodeofertas.link\/index.php?rest_route=\/wp\/v2\/pages"}],"about":[{"href":"https:\/\/grupodeofertas.link\/index.php?rest_route=\/wp\/v2\/types\/page"}],"author":[{"embeddable":true,"href":"https:\/\/grupodeofertas.link\/index.php?rest_route=\/wp\/v2\/users\/1"}],"replies":[{"embeddable":true,"href":"https:\/\/grupodeofertas.link\/index.php?rest_route=%2Fwp%2Fv2%2Fcomments&post=238"}],"version-history":[{"count":34,"href":"https:\/\/grupodeofertas.link\/index.php?rest_route=\/wp\/v2\/pages\/238\/revisions"}],"predecessor-version":[{"id":299,"href":"https:\/\/grupodeofertas.link\/index.php?rest_route=\/wp\/v2\/pages\/238\/revisions\/299"}],"wp:attachment":[{"href":"https:\/\/grupodeofertas.link\/index.php?rest_route=%2Fwp%2Fv2%2Fmedia&parent=238"}],"curies":[{"name":"wp","href":"https:\/\/api.w.org\/{rel}","templated":true}]}}